{"id":7297,"date":"2025-05-29T16:44:02","date_gmt":"2025-05-29T16:44:02","guid":{"rendered":"https:\/\/darkskyiluminacion.com.mx\/site\/?page_id=7297"},"modified":"2026-01-22T00:06:51","modified_gmt":"2026-01-22T00:06:51","slug":"nosotros","status":"publish","type":"page","link":"https:\/\/darkskyiluminacion.com.mx\/site\/nosotros\/","title":{"rendered":"Nosotros"},"content":{"rendered":"\n<p>En <strong>Dark Sky Iluminaci\u00f3n<\/strong> somos especialistas en soluciones integrales de iluminaci\u00f3n <strong>arquitect\u00f3nica, comercial e industrial<\/strong>. Nos enfocamos en la comercializaci\u00f3n y distribuci\u00f3n de equipos de iluminaci\u00f3n nacionales e importados de <strong>mediana y alta especificaci\u00f3n<\/strong>, ofreciendo a nuestros clientes productos que cumplen con los m\u00e1s altos est\u00e1ndares t\u00e9cnicos y de calidad del mercado.<\/p>\n\n\n\n<p>Nuestra experiencia nos permite comprender a profundidad las necesidades de cada proyecto, brindando <strong>asesor\u00eda personalizada y soporte t\u00e9cnico<\/strong>, as\u00ed como una amplia <strong>variedad de marcas l\u00edderes<\/strong> para asegurar soluciones eficientes, est\u00e9ticas y duraderas.<\/p>\n\n\n\n<p>Nos distingue nuestro compromiso con la <strong>innovaci\u00f3n, el impacto ambiental y la satisfacci\u00f3n del cliente<\/strong>, poniendo siempre atenci\u00f3n al detalle y a la especificaci\u00f3n t\u00e9cnica adecuada para cada espacio, desde instalaciones arquitect\u00f3nicas hasta proyectos comerciales e industriales.<\/p>\n\n\n\n<p>Trabajamos con productos de alta calidad que no solo iluminan, <strong>transforman espacios<\/strong>, mejoran la funcionalidad y generan ambientes que inspiran. Nuestro objetivo es acompa\u00f1ar a dise\u00f1adores, arquitectos, ingenieros y proyectistas en cada etapa del proceso, desde la selecci\u00f3n hasta la implementaci\u00f3n de la soluci\u00f3n ideal.<\/p>\n\n\n\n\t\t\t<span id=\"subtitle-mb-block-dac9793c-e112-4319-8432-9deda514b19a\" class=\"subtitle  subtitle-block subtitle-above subtitle-center use-body-font\">Comercializamos equipos de ILUMINACI\u00d3N importados y nacionales especializados en mediana y alta especificaci\u00f3n.<\/span>\n\t\n","protected":false},"excerpt":{"rendered":"En Dark Sky Iluminaci\u00f3n somos especialistas en soluciones integrales de iluminaci\u00f3n arquitect\u00f3nica, comercial e industrial. Nos enfocamos en la comercializaci\u00f3n y distribuci\u00f3n de equipos ...","protected":false},"author":1,"featured_media":0,"parent":0,"menu_order":0,"comment_status":"closed","ping_status":"closed","template":"","meta":{"footnotes":""},"class_list":["post-7297","page","type-page","status-publish","hentry"],"_links":{"self":[{"href":"https:\/\/darkskyiluminacion.com.mx\/site\/wp-json\/wp\/v2\/pages\/7297","targetHints":{"allow":["GET"]}}],"collection":[{"href":"https:\/\/darkskyiluminacion.com.mx\/site\/wp-json\/wp\/v2\/pages"}],"about":[{"href":"https:\/\/darkskyiluminacion.com.mx\/site\/wp-json\/wp\/v2\/types\/page"}],"author":[{"embeddable":true,"href":"https:\/\/darkskyiluminacion.com.mx\/site\/wp-json\/wp\/v2\/users\/1"}],"replies":[{"embeddable":true,"href":"https:\/\/darkskyiluminacion.com.mx\/site\/wp-json\/wp\/v2\/comments?post=7297"}],"version-history":[{"count":2,"href":"https:\/\/darkskyiluminacion.com.mx\/site\/wp-json\/wp\/v2\/pages\/7297\/revisions"}],"predecessor-version":[{"id":7368,"href":"https:\/\/darkskyiluminacion.com.mx\/site\/wp-json\/wp\/v2\/pages\/7297\/revisions\/7368"}],"wp:attachment":[{"href":"https:\/\/darkskyiluminacion.com.mx\/site\/wp-json\/wp\/v2\/media?parent=7297"}],"curies":[{"name":"wp","href":"https:\/\/api.w.org\/{rel}","templated":true}]}}